{"id":85,"date":"2024-12-05T16:25:54","date_gmt":"2024-12-05T16:25:54","guid":{"rendered":"https:\/\/www.primesolutions-group.com\/?page_id=85"},"modified":"2024-12-05T17:09:01","modified_gmt":"2024-12-05T17:09:01","slug":"electrotechnique","status":"publish","type":"page","link":"https:\/\/www.primesolutions-group.com\/index.php\/domaines-de-competence\/electrotechnique\/","title":{"rendered":"Electrotechnique"},"content":{"rendered":"<p><div class=\"fusion-fullwidth fullwidth-box fusion-builder-row-1 fusion-flex-container has-pattern-background has-mask-background nonhundred-percent-fullwidth non-hundred-percent-height-scrolling\" style=\"--awb-border-radius-top-left:0px;--awb-border-radius-top-right:0px;--awb-border-radius-bottom-right:0px;--awb-border-radius-bottom-left:0px;--awb-padding-top:6%;--awb-padding-bottom:6%;--awb-flex-wrap:wrap;\" ><div class=\"fusion-builder-row fusion-row fusion-flex-align-items-flex-start fusion-flex-content-wrap\" style=\"max-width:1248px;margin-left: calc(-4% \/ 2 );margin-right: calc(-4% \/ 2 );\"><div class=\"fusion-layout-column fusion_builder_column fusion-builder-column-0 fusion_builder_column_1_1 1_1 fusion-flex-column\" style=\"--awb-bg-size:cover;--awb-width-large:100%;--awb-margin-top-large:0px;--awb-spacing-right-large:1.92%;--awb-margin-bottom-large:20px;--awb-spacing-left-large:1.92%;--awb-width-medium:100%;--awb-order-medium:0;--awb-spacing-right-medium:1.92%;--awb-spacing-left-medium:1.92%;--awb-width-small:100%;--awb-order-small:0;--awb-spacing-right-small:1.92%;--awb-spacing-left-small:1.92%;\"><div class=\"fusion-column-wrapper fusion-column-has-shadow fusion-flex-justify-content-flex-start fusion-content-layout-column\"><div class=\"fusion-title title fusion-title-1 fusion-sep-none fusion-title-text fusion-title-size-three\" style=\"--awb-text-color:var(--awb-color5);--awb-margin-bottom:40px;\"><h3 class=\"fusion-title-heading title-heading-left\" style=\"margin:0;\">\u00c9lectrotechnique : Alimentez vos projets avec des solutions fiables et performantes<\/h3><\/div><\/div><\/div><div class=\"fusion-layout-column fusion_builder_column fusion-builder-column-1 fusion_builder_column_1_2 1_2 fusion-flex-column fusion-flex-align-self-flex-start\" style=\"--awb-bg-size:cover;--awb-width-large:50%;--awb-margin-top-large:0px;--awb-spacing-right-large:3.84%;--awb-margin-bottom-large:20px;--awb-spacing-left-large:3.84%;--awb-width-medium:50%;--awb-order-medium:0;--awb-spacing-right-medium:3.84%;--awb-spacing-left-medium:3.84%;--awb-width-small:100%;--awb-order-small:0;--awb-spacing-right-small:1.92%;--awb-spacing-left-small:1.92%;\"><div class=\"fusion-column-wrapper fusion-column-has-shadow fusion-flex-justify-content-flex-start fusion-content-layout-column\"><div class=\"fusion-text fusion-text-1\"><p>Nous vous accompagnons dans la conception, l&rsquo;installation et la maintenance des syst\u00e8mes \u00e9lectrotechniques pour vos projets industriels, commerciaux ou r\u00e9sidentiels. Nos solutions d&rsquo;\u00e9nergie verte (Solaire, bio carburant, &#8230; ) sont parfaitement calibr\u00e9es pour vos diff\u00e9rents projets. Les services offerts sont les suivants:<\/p>\n<\/div><ul style=\"--awb-odd-row-bgcolor:var(--awb-color2);--awb-line-height:27.2px;--awb-icon-width:27.2px;--awb-icon-height:27.2px;--awb-icon-margin:11.2px;--awb-content-margin:38.4px;--awb-circlecolor:var(--awb-color5);--awb-circle-yes-font-size:14.08px;\" class=\"fusion-checklist fusion-checklist-1 type-icons\"><li class=\"fusion-li-item\" style=\"\"><span class=\"icon-wrapper circle-yes\"><i class=\"fusion-li-icon awb-icon-check\" aria-hidden=\"true\"><\/i><\/span><div class=\"fusion-li-item-content\">Conception, installation et maintenance des syst\u00e8mes \u00e9lectriques<\/div><\/li><li class=\"fusion-li-item\" style=\"\"><span class=\"icon-wrapper circle-yes\"><i class=\"fusion-li-icon awb-icon-check\" aria-hidden=\"true\"><\/i><\/span><div class=\"fusion-li-item-content\">Solutions \u00e0 \u00e9nergie renouvellable et optimisation \u00e9nerg\u00e9tique<\/div><\/li><li class=\"fusion-li-item\" style=\"\"><span class=\"icon-wrapper circle-yes\"><i class=\"fusion-li-icon awb-icon-check\" aria-hidden=\"true\"><\/i><\/span><div class=\"fusion-li-item-content\">Gestion de l&rsquo;energie et solutions int\u00e9lligentes<\/div><\/li><li class=\"fusion-li-item\" style=\"\"><span class=\"icon-wrapper circle-yes\"><i class=\"fusion-li-icon awb-icon-check\" aria-hidden=\"true\"><\/i><\/span><div class=\"fusion-li-item-content\">Electrom\u00e9canique et syst\u00e8me de motorisation:<\/div><\/li><\/ul><div class=\"fusion-text fusion-text-2\" style=\"--awb-margin-left:8%;\"><p>+ Ascenseurs<br \/>+ Monte charge<br \/>+ Escalators<br \/>+ Machines \u00e0 rayons X<br \/>+ Tapis bagages<br \/>+ Groupes \u00e9lectrog\u00e8nes<br \/>+ Syst\u00e8mes \u00e0 \u00e9nergie solaire<br \/>+ Syst\u00e8mes \u00e0 bio carburant<\/p>\n<\/div><ul style=\"--awb-odd-row-bgcolor:var(--awb-color2);--awb-line-height:27.2px;--awb-icon-width:27.2px;--awb-icon-height:27.2px;--awb-icon-margin:11.2px;--awb-content-margin:38.4px;--awb-circlecolor:var(--awb-color5);--awb-circle-yes-font-size:14.08px;\" class=\"fusion-checklist fusion-checklist-2 type-icons\"><li class=\"fusion-li-item\" style=\"\"><span class=\"icon-wrapper circle-yes\"><i class=\"fusion-li-icon awb-icon-check\" aria-hidden=\"true\"><\/i><\/span><div class=\"fusion-li-item-content\">Automatisation et contr\u00f4le industriel:<\/div><\/li><\/ul><div class=\"fusion-text fusion-text-3\" style=\"--awb-margin-left:8%;\"><p>+ Alarme technique<br \/>+ Inverseurs<\/p>\n<\/div><ul style=\"--awb-odd-row-bgcolor:var(--awb-color2);--awb-line-height:27.2px;--awb-icon-width:27.2px;--awb-icon-height:27.2px;--awb-icon-margin:11.2px;--awb-content-margin:38.4px;--awb-circlecolor:var(--awb-color5);--awb-circle-yes-font-size:14.08px;\" class=\"fusion-checklist fusion-checklist-3 type-icons\"><li class=\"fusion-li-item\" style=\"\"><span class=\"icon-wrapper circle-yes\"><i class=\"fusion-li-icon awb-icon-check\" aria-hidden=\"true\"><\/i><\/span><div class=\"fusion-li-item-content\">Syst\u00e8mes de s\u00e9curit\u00e9 et de protection:<\/div><\/li><\/ul><div class=\"fusion-text fusion-text-4\" style=\"--awb-margin-left:8%;\"><p>+ Parafoudre<br \/>+ Paratonnerre<br \/>+ Mise \u00e0 la terre<br \/>+ Eclairage de secours et balisage<\/p>\n<\/div><\/div><\/div><div class=\"fusion-layout-column fusion_builder_column fusion-builder-column-2 fusion_builder_column_1_2 1_2 fusion-flex-column fusion-flex-align-self-stretch\" style=\"--awb-bg-size:cover;--awb-width-large:50%;--awb-margin-top-large:0px;--awb-spacing-right-large:3.84%;--awb-margin-bottom-large:20px;--awb-spacing-left-large:3.84%;--awb-width-medium:50%;--awb-order-medium:0;--awb-spacing-right-medium:3.84%;--awb-spacing-left-medium:3.84%;--awb-width-small:100%;--awb-order-small:0;--awb-spacing-right-small:1.92%;--awb-spacing-left-small:1.92%;\"><div class=\"fusion-column-wrapper fusion-column-has-shadow fusion-flex-justify-content-flex-start fusion-content-layout-column\"><div class=\"fusion-image-element \" style=\"--awb-caption-title-font-family:var(--h2_typography-font-family);--awb-caption-title-font-weight:var(--h2_typography-font-weight);--awb-caption-title-font-style:var(--h2_typography-font-style);--awb-caption-title-size:var(--h2_typography-font-size);--awb-caption-title-transform:var(--h2_typography-text-transform);--awb-caption-title-line-height:var(--h2_typography-line-height);--awb-caption-title-letter-spacing:var(--h2_typography-letter-spacing);\"><span class=\" fusion-imageframe imageframe-none imageframe-1 hover-type-none\"><img decoding=\"async\" width=\"837\" height=\"1255\" title=\"Expert looks online for new air filters\" src=\"https:\/\/www.primesolutions-group.com\/wp-content\/uploads\/2024\/12\/expert-looks-online-new-air-filters.jpg\" alt class=\"img-responsive wp-image-107\" srcset=\"https:\/\/www.primesolutions-group.com\/wp-content\/uploads\/2024\/12\/expert-looks-online-new-air-filters-200x300.jpg 200w, https:\/\/www.primesolutions-group.com\/wp-content\/uploads\/2024\/12\/expert-looks-online-new-air-filters-400x600.jpg 400w, https:\/\/www.primesolutions-group.com\/wp-content\/uploads\/2024\/12\/expert-looks-online-new-air-filters-600x900.jpg 600w, https:\/\/www.primesolutions-group.com\/wp-content\/uploads\/2024\/12\/expert-looks-online-new-air-filters-800x1200.jpg 800w, https:\/\/www.primesolutions-group.com\/wp-content\/uploads\/2024\/12\/expert-looks-online-new-air-filters.jpg 837w\" sizes=\"(max-width: 640px) 100vw, 600px\" \/><\/span><\/div><\/div><\/div><\/div><\/div><div class=\"fusion-fullwidth fullwidth-box fusion-builder-row-2 fusion-flex-container has-pattern-background has-mask-background fusion-parallax-none nonhundred-percent-fullwidth non-hundred-percent-height-scrolling\" style=\"--awb-background-position:center top;--awb-border-radius-top-left:0px;--awb-border-radius-top-right:0px;--awb-border-radius-bottom-right:0px;--awb-border-radius-bottom-left:0px;--awb-padding-top:10%;--awb-padding-bottom:10%;--awb-background-image:linear-gradient(180deg, var(--awb-color5) 0%,rgba(255,255,255,0) 100%),url(https:\/\/www.primesolutions-group.com\/wp-content\/uploads\/2024\/12\/cta.jpg);;--awb-background-size:cover;--awb-flex-wrap:wrap;\" ><div class=\"fusion-builder-row fusion-row fusion-flex-align-items-flex-start fusion-flex-content-wrap\" style=\"max-width:1248px;margin-left: calc(-4% \/ 2 );margin-right: calc(-4% \/ 2 );\"><div class=\"fusion-layout-column fusion_builder_column fusion-builder-column-3 fusion_builder_column_5_6 5_6 fusion-flex-column\" style=\"--awb-bg-size:cover;--awb-width-large:83.333333333333%;--awb-margin-top-large:0px;--awb-spacing-right-large:2.304%;--awb-margin-bottom-large:20px;--awb-spacing-left-large:2.304%;--awb-width-medium:83.333333333333%;--awb-order-medium:0;--awb-spacing-right-medium:2.304%;--awb-spacing-left-medium:2.304%;--awb-width-small:100%;--awb-order-small:0;--awb-spacing-right-small:1.92%;--awb-spacing-left-small:1.92%;\"><div class=\"fusion-column-wrapper fusion-column-has-shadow fusion-flex-justify-content-flex-start fusion-content-layout-column\"><div class=\"fusion-title title fusion-title-2 fusion-sep-none fusion-title-text fusion-title-size-three\" style=\"--awb-text-color:var(--awb-color1);\"><h3 class=\"fusion-title-heading title-heading-left\" style=\"margin:0;\">D\u00e9couvrez comment nos solutions peuvent transformer votre entreprise !\u00a0\u00bb<\/h3><\/div><div class=\"fusion-text fusion-text-5\" style=\"--awb-font-size:20px;--awb-text-color:var(--awb-color1);\"><p>Vous avez un projet en t\u00eate ? Travaillons ensemble d\u00e8s aujourd\u2019hui !<\/p>\n<\/div><div ><a class=\"fusion-button button-flat button-xlarge button-default fusion-button-default button-1 fusion-button-default-span fusion-button-default-type\" target=\"_self\" href=\"https:\/\/www.primesolutions-group.com\/index.php\/contact\/\"><span class=\"fusion-button-text\">Contactez-nous<\/span><\/a><\/div><\/div><\/div><\/div><\/div>\n<\/p>\n","protected":false},"excerpt":{"rendered":"","protected":false},"author":1,"featured_media":0,"parent":69,"menu_order":0,"comment_status":"closed","ping_status":"closed","template":"100-width.php","meta":{"footnotes":""},"class_list":["post-85","page","type-page","status-publish","hentry"],"_links":{"self":[{"href":"https:\/\/www.primesolutions-group.com\/index.php\/wp-json\/wp\/v2\/pages\/85","targetHints":{"allow":["GET"]}}],"collection":[{"href":"https:\/\/www.primesolutions-group.com\/index.php\/wp-json\/wp\/v2\/pages"}],"about":[{"href":"https:\/\/www.primesolutions-group.com\/index.php\/wp-json\/wp\/v2\/types\/page"}],"author":[{"embeddable":true,"href":"https:\/\/www.primesolutions-group.com\/index.php\/wp-json\/wp\/v2\/users\/1"}],"replies":[{"embeddable":true,"href":"https:\/\/www.primesolutions-group.com\/index.php\/wp-json\/wp\/v2\/comments?post=85"}],"version-history":[{"count":4,"href":"https:\/\/www.primesolutions-group.com\/index.php\/wp-json\/wp\/v2\/pages\/85\/revisions"}],"predecessor-version":[{"id":108,"href":"https:\/\/www.primesolutions-group.com\/index.php\/wp-json\/wp\/v2\/pages\/85\/revisions\/108"}],"up":[{"embeddable":true,"href":"https:\/\/www.primesolutions-group.com\/index.php\/wp-json\/wp\/v2\/pages\/69"}],"wp:attachment":[{"href":"https:\/\/www.primesolutions-group.com\/index.php\/wp-json\/wp\/v2\/media?parent=85"}],"curies":[{"name":"wp","href":"https:\/\/api.w.org\/{rel}","templated":true}]}}