{"id":69,"date":"2024-12-04T06:59:34","date_gmt":"2024-12-04T06:59:34","guid":{"rendered":"https:\/\/www.primesolutions-group.com\/?page_id=69"},"modified":"2024-12-05T18:21:26","modified_gmt":"2024-12-05T18:21:26","slug":"domaines-de-competence","status":"publish","type":"page","link":"https:\/\/www.primesolutions-group.com\/index.php\/domaines-de-competence\/","title":{"rendered":"Domaines de comp\u00e9tence"},"content":{"rendered":"<div class=\"fusion-fullwidth fullwidth-box fusion-builder-row-1 fusion-flex-container has-pattern-background has-mask-background fusion-parallax-none nonhundred-percent-fullwidth non-hundred-percent-height-scrolling\" style=\"--awb-border-radius-top-left:0px;--awb-border-radius-top-right:0px;--awb-border-radius-bottom-right:0px;--awb-border-radius-bottom-left:0px;--awb-padding-top:6%;--awb-padding-bottom:6%;--awb-background-image:linear-gradient(180deg, rgba(255,255,255,0.87) 0%,rgba(255,255,255,0.56) 100%),url(https:\/\/www.primesolutions-group.com\/wp-content\/uploads\/2024\/12\/back_gray.jpg);;--awb-background-size:cover;--awb-flex-wrap:wrap;\" ><div class=\"fusion-builder-row fusion-row fusion-flex-align-items-flex-start fusion-flex-content-wrap\" style=\"max-width:1248px;margin-left: calc(-4% \/ 2 );margin-right: calc(-4% \/ 2 );\"><div class=\"fusion-layout-column fusion_builder_column fusion-builder-column-0 fusion_builder_column_1_1 1_1 fusion-flex-column\" style=\"--awb-bg-size:cover;--awb-width-large:100%;--awb-margin-top-large:0px;--awb-spacing-right-large:1.92%;--awb-margin-bottom-large:20px;--awb-spacing-left-large:1.92%;--awb-width-medium:100%;--awb-order-medium:0;--awb-spacing-right-medium:1.92%;--awb-spacing-left-medium:1.92%;--awb-width-small:100%;--awb-order-small:0;--awb-spacing-right-small:1.92%;--awb-spacing-left-small:1.92%;\"><div class=\"fusion-column-wrapper fusion-column-has-shadow fusion-flex-justify-content-flex-start fusion-content-layout-column\"><div class=\"fusion-title title fusion-title-1 fusion-sep-none fusion-title-center fusion-title-text fusion-title-size-two\"><h2 class=\"fusion-title-heading title-heading-center\" style=\"margin:0;\">Nos domaines de comp\u00e9tences<\/h2><\/div><div class=\"fusion-text fusion-text-1\" style=\"--awb-content-alignment:center;--awb-margin-right:15%;--awb-margin-left:15%;\"><p>Notre expertise s\u2019\u00e9tend \u00e0 diff\u00e9rent domaines des\u00a0 nouvelles technologies de l\u2019information et des t\u00e9l\u00e9communications\u2026<\/p>\n<\/div><div class=\"fusion-separator\" style=\"align-self: center;margin-left: auto;margin-right: auto;margin-bottom:50px;width:100%;max-width:8%;\"><div class=\"fusion-separator-border sep-single sep-solid\" style=\"--awb-height:20px;--awb-amount:20px;--awb-sep-color:var(--awb-color5);border-color:var(--awb-color5);border-top-width:4px;\"><\/div><\/div><div class=\"fusion-content-boxes content-boxes columns row fusion-columns-3 fusion-columns-total-6 fusion-content-boxes-1 content-boxes-icon-on-side content-left has-flex-alignment\" style=\"--awb-backgroundcolor:rgba(242,243,245,0.54);--awb-border-radius-top-left:10px;--awb-border-radius-top-right:10px;--awb-border-radius-bottom-right:10px;--awb-border-radius-bottom-left:10px;--awb-alignment:stretch;--awb-body-color:#636363;--awb-title-color:var(--awb-color5);--awb-hover-accent-color:var(--awb-color4);--awb-circle-hover-accent-color:var(--awb-color4);--awb-box-shadow:2px 2px 58px 2px rgba(130,130,130,0.19);;\" data-animationOffset=\"top-into-view\"><div style=\"--awb-backgroundcolor:rgba(242,243,245,0.54);--awb-content-padding-left:84px;\" class=\"fusion-column content-box-column content-box-column content-box-column-1 col-lg-4 col-md-4 col-sm-4 fusion-content-box-hover content-box-column-first-in-row\"><div class=\"col content-box-wrapper content-wrapper-background link-area-box link-type-text icon-hover-animation-fade\" data-link=\"https:\/\/www.primesolutions-group.com\/index.php\/domaines-de-competence\/sytemes-it\/\" data-link-target=\"_self\" data-animationOffset=\"top-into-view\"><div class=\"heading heading-with-icon icon-left\"><a class=\"heading-link\" href=\"https:\/\/www.primesolutions-group.com\/index.php\/domaines-de-competence\/sytemes-it\/\" target=\"_self\"><div class=\"icon\"><i style=\"border-color:var(--awb-color8);border-width:0px;background-color:var(--awb-color5);box-sizing:content-box;height:64px;width:64px;line-height:64px;border-radius:50%;font-size:32px;\" aria-hidden=\"true\" class=\"fontawesome-icon fa-laptop fas circle-yes\"><\/i><\/div><h2 class=\"content-box-heading\" style=\"--h2_typography-font-size:24px;line-height:29px;padding-left:84px;\">Syst\u00e8mes IT<\/h2><\/a><\/div><div class=\"fusion-clearfix\"><\/div><div class=\"content-container\">Solutions informatiques robustes pour r\u00e9pondre aux besoins des entreprises modernes, avec une expertise en infrastructures et s\u00e9curit\u00e9.<\/div><\/div><\/div><div style=\"--awb-backgroundcolor:var(--awb-color1);--awb-content-padding-left:84px;\" class=\"fusion-column content-box-column content-box-column content-box-column-2 col-lg-4 col-md-4 col-sm-4 fusion-content-box-hover \"><div class=\"col content-box-wrapper content-wrapper-background link-area-box link-type-text icon-hover-animation-fade\" data-link=\"https:\/\/www.primesolutions-group.com\/index.php\/domaines-de-competence\/domotique\/\" data-link-target=\"_self\" data-animationOffset=\"top-into-view\"><div class=\"heading heading-with-icon icon-left\"><a class=\"heading-link\" href=\"https:\/\/www.primesolutions-group.com\/index.php\/domaines-de-competence\/domotique\/\" target=\"_self\"><div class=\"icon\"><i style=\"border-color:var(--awb-color8);border-width:0px;background-color:var(--awb-color5);box-sizing:content-box;height:64px;width:64px;line-height:64px;border-radius:50%;font-size:32px;\" aria-hidden=\"true\" class=\"fontawesome-icon fa-charging-station fas circle-yes\"><\/i><\/div><h2 class=\"content-box-heading\" style=\"--h2_typography-font-size:24px;line-height:29px;padding-left:84px;\">Domotique<\/h2><\/a><\/div><div class=\"fusion-clearfix\"><\/div><div class=\"content-container\">Automatisation intelligente pour am\u00e9liorer le confort, la s\u00e9curit\u00e9 et l\u2019efficacit\u00e9 \u00e9nerg\u00e9tique de vos espaces.<\/div><\/div><\/div><div style=\"--awb-backgroundcolor:rgba(255,255,255,0.8);--awb-content-padding-left:84px;\" class=\"fusion-column content-box-column content-box-column content-box-column-3 col-lg-4 col-md-4 col-sm-4 fusion-content-box-hover content-box-column-last-in-row\"><div class=\"col content-box-wrapper content-wrapper-background link-area-box link-type-text icon-hover-animation-fade\" data-link=\"https:\/\/www.primesolutions-group.com\/index.php\/domaines-de-competence\/telecommunications\/\" data-link-target=\"_self\" data-animationOffset=\"top-into-view\"><div class=\"heading heading-with-icon icon-left\"><a class=\"heading-link\" href=\"https:\/\/www.primesolutions-group.com\/index.php\/domaines-de-competence\/telecommunications\/\" target=\"_self\"><div class=\"icon\"><i style=\"border-color:var(--awb-color8);border-width:0px;background-color:var(--awb-color5);box-sizing:content-box;height:64px;width:64px;line-height:64px;border-radius:50%;font-size:32px;\" aria-hidden=\"true\" class=\"fontawesome-icon fa-satellite-dish fas circle-yes\"><\/i><\/div><h2 class=\"content-box-heading\" style=\"--h2_typography-font-size:24px;line-height:29px;padding-left:84px;\">T\u00e9l\u00e9communications<\/h2><\/a><\/div><div class=\"fusion-clearfix\"><\/div><div class=\"content-container\">Syst\u00e8mes avanc\u00e9s pour une connectivit\u00e9 fluide et des r\u00e9seaux performants, adapt\u00e9s \u00e0 vos besoins.<\/div><\/div><\/div><div style=\"--awb-backgroundcolor:var(--awb-color1);--awb-content-padding-left:84px;\" class=\"fusion-column content-box-column content-box-column content-box-column-4 col-lg-4 col-md-4 col-sm-4 fusion-content-box-hover content-box-column-first-in-row\"><div class=\"col content-box-wrapper content-wrapper-background link-area-box link-type-text icon-hover-animation-fade\" data-link=\"https:\/\/www.primesolutions-group.com\/index.php\/domaines-de-competence\/monetique\/\" data-link-target=\"_self\" data-animationOffset=\"top-into-view\"><div class=\"heading heading-with-icon icon-left\"><a class=\"heading-link\" href=\"https:\/\/www.primesolutions-group.com\/index.php\/domaines-de-competence\/monetique\/\" target=\"_self\"><div class=\"icon\"><i style=\"border-color:var(--awb-color8);border-width:0px;background-color:var(--awb-color5);box-sizing:content-box;height:64px;width:64px;line-height:64px;border-radius:50%;font-size:32px;\" aria-hidden=\"true\" class=\"fontawesome-icon fa-credit-card fas circle-yes\"><\/i><\/div><h2 class=\"content-box-heading\" style=\"--h2_typography-font-size:24px;line-height:29px;padding-left:84px;\"> Mon\u00e9tique<\/h2><\/a><\/div><div class=\"fusion-clearfix\"><\/div><div class=\"content-container\">Solutions de paiements \u00e9lectroniques s\u00e9curis\u00e9es et innovantes, adapt\u00e9es aux entreprises et aux particuliers.<\/div><\/div><\/div><div style=\"--awb-backgroundcolor:rgba(130,130,130,0.23);--awb-content-padding-left:84px;\" class=\"fusion-column content-box-column content-box-column content-box-column-5 col-lg-4 col-md-4 col-sm-4 fusion-content-box-hover \"><div class=\"col content-box-wrapper content-wrapper-background link-area-box link-type-text icon-hover-animation-fade\" data-link=\"https:\/\/www.primesolutions-group.com\/index.php\/domaines-de-competence\/electrotechnique\/\" data-link-target=\"_self\" data-animationOffset=\"top-into-view\"><div class=\"heading heading-with-icon icon-left\"><a class=\"heading-link\" href=\"https:\/\/www.primesolutions-group.com\/index.php\/domaines-de-competence\/electrotechnique\/\" target=\"_self\"><div class=\"icon\"><i style=\"border-color:var(--awb-color8);border-width:0px;background-color:var(--awb-color5);box-sizing:content-box;height:64px;width:64px;line-height:64px;border-radius:50%;font-size:32px;\" aria-hidden=\"true\" class=\"fontawesome-icon fa-car-battery fas circle-yes\"><\/i><\/div><h2 class=\"content-box-heading\" style=\"--h2_typography-font-size:24px;line-height:29px;padding-left:84px;\">\u00c9lectrotechnique<\/h2><\/a><\/div><div class=\"fusion-clearfix\"><\/div><div class=\"content-container\">\n<p>Expertise en syst\u00e8mes \u00e9lectriques pour optimiser vos infrastructures \u00e9nerg\u00e9tiques et industrielles.<\/p>\n<\/div><\/div><\/div><div style=\"--awb-backgroundcolor:rgba(255,255,255,0.83);--awb-content-padding-left:84px;\" class=\"fusion-column content-box-column content-box-column content-box-column-6 col-lg-4 col-md-4 col-sm-4 fusion-content-box-hover content-box-column-last content-box-column-last-in-row\"><div class=\"col content-box-wrapper content-wrapper-background link-area-box link-type-text icon-hover-animation-fade\" data-link=\"https:\/\/www.primesolutions-group.com\/index.php\/domaines-de-competence\/ingenierie-logicielle\/\" data-link-target=\"_self\" data-animationOffset=\"top-into-view\"><div class=\"heading heading-with-icon icon-left\"><a class=\"heading-link\" href=\"https:\/\/www.primesolutions-group.com\/index.php\/domaines-de-competence\/ingenierie-logicielle\/\" target=\"_self\"><div class=\"icon\"><i style=\"border-color:var(--awb-color8);border-width:0px;background-color:var(--awb-color5);box-sizing:content-box;height:64px;width:64px;line-height:64px;border-radius:50%;font-size:32px;\" aria-hidden=\"true\" class=\"fontawesome-icon fa-laptop-code fas circle-yes\"><\/i><\/div><h2 class=\"content-box-heading\" style=\"--h2_typography-font-size:24px;line-height:29px;padding-left:84px;\">Ing\u00e9nierie Logicielle<\/h2><\/a><\/div><div class=\"fusion-clearfix\"><\/div><div class=\"content-container\">\n<p>D\u00e9veloppement de logiciels personnalis\u00e9s pour am\u00e9liorer la productivit\u00e9 et r\u00e9pondre \u00e0 vos besoins sp\u00e9cifiques.<\/p>\n<\/div><\/div><\/div><div class=\"fusion-clearfix\"><\/div><\/div><\/div><\/div><\/div><\/div>\n\n","protected":false},"excerpt":{"rendered":"","protected":false},"author":1,"featured_media":0,"parent":0,"menu_order":0,"comment_status":"closed","ping_status":"closed","template":"100-width.php","meta":{"footnotes":""},"class_list":["post-69","page","type-page","status-publish","hentry"],"_links":{"self":[{"href":"https:\/\/www.primesolutions-group.com\/index.php\/wp-json\/wp\/v2\/pages\/69","targetHints":{"allow":["GET"]}}],"collection":[{"href":"https:\/\/www.primesolutions-group.com\/index.php\/wp-json\/wp\/v2\/pages"}],"about":[{"href":"https:\/\/www.primesolutions-group.com\/index.php\/wp-json\/wp\/v2\/types\/page"}],"author":[{"embeddable":true,"href":"https:\/\/www.primesolutions-group.com\/index.php\/wp-json\/wp\/v2\/users\/1"}],"replies":[{"embeddable":true,"href":"https:\/\/www.primesolutions-group.com\/index.php\/wp-json\/wp\/v2\/comments?post=69"}],"version-history":[{"count":3,"href":"https:\/\/www.primesolutions-group.com\/index.php\/wp-json\/wp\/v2\/pages\/69\/revisions"}],"predecessor-version":[{"id":127,"href":"https:\/\/www.primesolutions-group.com\/index.php\/wp-json\/wp\/v2\/pages\/69\/revisions\/127"}],"wp:attachment":[{"href":"https:\/\/www.primesolutions-group.com\/index.php\/wp-json\/wp\/v2\/media?parent=69"}],"curies":[{"name":"wp","href":"https:\/\/api.w.org\/{rel}","templated":true}]}}