{"id":54,"date":"2024-12-04T06:26:59","date_gmt":"2024-12-04T06:26:59","guid":{"rendered":"https:\/\/www.primesolutions-group.com\/?page_id=54"},"modified":"2025-03-18T19:19:07","modified_gmt":"2025-03-18T19:19:07","slug":"a-propos","status":"publish","type":"page","link":"https:\/\/www.primesolutions-group.com\/index.php\/a-propos\/","title":{"rendered":"A propos"},"content":{"rendered":"<p><div class=\"fusion-fullwidth fullwidth-box fusion-builder-row-1 fusion-flex-container has-pattern-background has-mask-background nonhundred-percent-fullwidth non-hundred-percent-height-scrolling\" style=\"--awb-border-radius-top-left:0px;--awb-border-radius-top-right:0px;--awb-border-radius-bottom-right:0px;--awb-border-radius-bottom-left:0px;--awb-padding-top:6%;--awb-padding-bottom:6%;--awb-background-color:var(--awb-color1);--awb-flex-wrap:wrap;\" ><div class=\"fusion-builder-row fusion-row fusion-flex-align-items-flex-start fusion-flex-content-wrap\" style=\"max-width:1248px;margin-left: calc(-4% \/ 2 );margin-right: calc(-4% \/ 2 );\"><div class=\"fusion-layout-column fusion_builder_column fusion-builder-column-0 fusion_builder_column_1_3 1_3 fusion-flex-column\" style=\"--awb-bg-size:cover;--awb-width-large:33.333333333333%;--awb-margin-top-large:0px;--awb-spacing-right-large:5.76%;--awb-margin-bottom-large:20px;--awb-spacing-left-large:5.76%;--awb-width-medium:33.333333333333%;--awb-order-medium:0;--awb-spacing-right-medium:5.76%;--awb-spacing-left-medium:5.76%;--awb-width-small:100%;--awb-order-small:0;--awb-spacing-right-small:1.92%;--awb-spacing-left-small:1.92%;\"><div class=\"fusion-column-wrapper fusion-column-has-shadow fusion-flex-justify-content-flex-start fusion-content-layout-column\"><div class=\"fusion-image-element \" style=\"--awb-caption-title-font-family:var(--h2_typography-font-family);--awb-caption-title-font-weight:var(--h2_typography-font-weight);--awb-caption-title-font-style:var(--h2_typography-font-style);--awb-caption-title-size:var(--h2_typography-font-size);--awb-caption-title-transform:var(--h2_typography-text-transform);--awb-caption-title-line-height:var(--h2_typography-line-height);--awb-caption-title-letter-spacing:var(--h2_typography-letter-spacing);\"><span class=\" fusion-imageframe imageframe-none imageframe-1 hover-type-none\"><img decoding=\"async\" width=\"360\" height=\"540\" title=\"aboutus\" src=\"https:\/\/www.primesolutions-group.com\/wp-content\/uploads\/2024\/12\/aboutus.jpg\" alt class=\"img-responsive wp-image-58\" srcset=\"https:\/\/www.primesolutions-group.com\/wp-content\/uploads\/2024\/12\/aboutus-200x300.jpg 200w, https:\/\/www.primesolutions-group.com\/wp-content\/uploads\/2024\/12\/aboutus.jpg 360w\" sizes=\"(max-width: 640px) 100vw, 360px\" \/><\/span><\/div><\/div><\/div><div class=\"fusion-layout-column fusion_builder_column fusion-builder-column-1 fusion_builder_column_2_3 2_3 fusion-flex-column\" style=\"--awb-bg-size:cover;--awb-width-large:66.666666666667%;--awb-margin-top-large:0px;--awb-spacing-right-large:2.88%;--awb-margin-bottom-large:20px;--awb-spacing-left-large:2.88%;--awb-width-medium:66.666666666667%;--awb-order-medium:0;--awb-spacing-right-medium:2.88%;--awb-spacing-left-medium:2.88%;--awb-width-small:100%;--awb-order-small:0;--awb-spacing-right-small:1.92%;--awb-spacing-left-small:1.92%;\"><div class=\"fusion-column-wrapper fusion-column-has-shadow fusion-flex-justify-content-flex-start fusion-content-layout-column\"><div class=\"fusion-title title fusion-title-1 fusion-sep-none fusion-title-text fusion-title-size-three\" style=\"--awb-text-color:var(--awb-color5);\"><h3 class=\"fusion-title-heading title-heading-left\" style=\"margin:0;\">PRIME SOLUTIONS : L\u2019intelligence au service de vos projets<\/h3><\/div><div class=\"fusion-title title fusion-title-2 fusion-sep-none fusion-title-text fusion-title-size-five\" style=\"--awb-margin-bottom:50px;\"><h5 class=\"fusion-title-heading title-heading-left\" style=\"margin:0;\">Des solutions innovantes et sur-mesure pour relever vos d\u00e9fis technologiques, port\u00e9es par une \u00e9quipe d\u2019experts passionn\u00e9s et exp\u00e9riment\u00e9s<\/h5><\/div><div class=\"fusion-text fusion-text-1 awb-text-cols fusion-text-columns-2\" style=\"--awb-columns:2;--awb-column-spacing:2em;--awb-column-min-width:100px;\"><p>PRIME SOLUTIONS Sarl est une entreprise sp\u00e9cialis\u00e9e dans l\u2019\u00e9tude, la conception, la mise en \u0153uvre et le suivi des syst\u00e8mes intelligents. Des syst\u00e8mes IT en passant par l\u2019\u00e9lectrotechnique, l\u00e0 domotique, la mon\u00e9tique et les t\u00e9l\u00e9communications, nos experts ont \u00e9labor\u00e9 une gamme compl\u00e8te de solutions et services \u00e0 forte valeur ajout\u00e9e afin de r\u00e9pondre efficacement \u00e0 vos probl\u00e9matiques les plus complexes.<\/p>\n<p>Nous sommes une \u00e9quipe aux qualifications aussi bien diverses que vari\u00e9es, p\u00e9tris d\u2019exp\u00e9riences, passionn\u00e9s des nouvelles technologies et des solutions intelligentes ;<br \/>\nCe concentr\u00e9 d\u2019expertises et d\u2019exp\u00e9riences est mis aujourd\u2019hui \u00e0 disposition pour vous accompagner dans la r\u00e9alisation de vos projets. Nos valeurs \u00e9tant au c\u0153ur de notre d\u00e9marche.<\/p>\n<\/div><\/div><\/div><\/div><\/div><div class=\"fusion-fullwidth fullwidth-box fusion-builder-row-2 fusion-flex-container has-pattern-background has-mask-background fusion-parallax-none nonhundred-percent-fullwidth non-hundred-percent-height-scrolling\" style=\"--awb-border-radius-top-left:0px;--awb-border-radius-top-right:0px;--awb-border-radius-bottom-right:0px;--awb-border-radius-bottom-left:0px;--awb-padding-top:6%;--awb-padding-bottom:6%;--awb-background-color:var(--awb-color3);--awb-background-image:linear-gradient(180deg, rgba(255,255,255,0.69) 0%,rgba(255,255,255,0.5) 100%),url(https:\/\/www.primesolutions-group.com\/wp-content\/uploads\/2024\/12\/back_gray.jpg);;--awb-background-size:cover;--awb-flex-wrap:wrap;\" ><div class=\"fusion-builder-row fusion-row fusion-flex-align-items-flex-start fusion-flex-content-wrap\" style=\"max-width:1248px;margin-left: calc(-4% \/ 2 );margin-right: calc(-4% \/ 2 );\"><div class=\"fusion-layout-column fusion_builder_column fusion-builder-column-2 fusion_builder_column_1_2 1_2 fusion-flex-column\" style=\"--awb-bg-size:cover;--awb-width-large:50%;--awb-margin-top-large:0px;--awb-spacing-right-large:3.84%;--awb-margin-bottom-large:20px;--awb-spacing-left-large:3.84%;--awb-width-medium:50%;--awb-order-medium:0;--awb-spacing-right-medium:3.84%;--awb-spacing-left-medium:3.84%;--awb-width-small:100%;--awb-order-small:0;--awb-spacing-right-small:1.92%;--awb-spacing-left-small:1.92%;\"><div class=\"fusion-column-wrapper fusion-column-has-shadow fusion-flex-justify-content-flex-start fusion-content-layout-column\"><div class=\"fusion-title title fusion-title-3 fusion-sep-none fusion-title-text fusion-title-size-three\" style=\"--awb-text-color:var(--awb-color5);\"><h3 class=\"fusion-title-heading title-heading-left\" style=\"margin:0;\">Notre vision<\/h3><\/div><div class=\"fusion-text fusion-text-2\"><p>Nous visons l&rsquo;excellence et aspirons \u00e0 devenir la r\u00e9f\u00e9rence en mati\u00e8re de fourniture de solutions intelligentes \u00e0 forte valeur ajout\u00e9e.<\/p>\n<\/div><div class=\"fusion-title title fusion-title-4 fusion-sep-none fusion-title-text fusion-title-size-three\" style=\"--awb-text-color:var(--awb-color5);\"><h3 class=\"fusion-title-heading title-heading-left\" style=\"margin:0;\">Notre mission<\/h3><\/div><div class=\"fusion-text fusion-text-3\"><ul>\n<li>Fournir des solutions intelligentes p\u00e9rennes;<\/li>\n<li>La suret\u00e9 et la s\u00e9curit\u00e9 au c\u0153ur de notre projet;<\/li>\n<li>Cr\u00e9er de la Valeur pour les Clients;<\/li>\n<li>Investir dans le D\u00e9veloppement des talents.<\/li>\n<\/ul>\n<\/div><div class=\"fusion-title title fusion-title-5 fusion-sep-none fusion-title-text fusion-title-size-three\" style=\"--awb-text-color:var(--awb-color5);\"><h3 class=\"fusion-title-heading title-heading-left\" style=\"margin:0;\">Nos Valeurs<\/h3><\/div><div class=\"fusion-text fusion-text-4\"><ul>\n<li>Int\u00e9grit\u00e9 et responsabilit\u00e9 sociale;<\/li>\n<li>Orientation client et agilit\u00e9;<\/li>\n<li>Excellence et apprentissage continu;<\/li>\n<li>R\u00e9silience.<\/li>\n<\/ul>\n<\/div><\/div><\/div><div class=\"fusion-layout-column fusion_builder_column fusion-builder-column-3 fusion_builder_column_1_2 1_2 fusion-flex-column\" style=\"--awb-bg-size:cover;--awb-width-large:50%;--awb-margin-top-large:0px;--awb-spacing-right-large:3.84%;--awb-margin-bottom-large:20px;--awb-spacing-left-large:3.84%;--awb-width-medium:50%;--awb-order-medium:0;--awb-spacing-right-medium:3.84%;--awb-spacing-left-medium:3.84%;--awb-width-small:100%;--awb-order-small:0;--awb-spacing-right-small:1.92%;--awb-spacing-left-small:1.92%;\"><div class=\"fusion-column-wrapper fusion-column-has-shadow fusion-flex-justify-content-flex-start fusion-content-layout-column\"><div class=\"fusion-image-element \" style=\"--awb-caption-title-font-family:var(--h2_typography-font-family);--awb-caption-title-font-weight:var(--h2_typography-font-weight);--awb-caption-title-font-style:var(--h2_typography-font-style);--awb-caption-title-size:var(--h2_typography-font-size);--awb-caption-title-transform:var(--h2_typography-text-transform);--awb-caption-title-line-height:var(--h2_typography-line-height);--awb-caption-title-letter-spacing:var(--h2_typography-letter-spacing);\"><span class=\" fusion-imageframe imageframe-none imageframe-2 hover-type-none\"><img decoding=\"async\" width=\"1094\" height=\"1400\" title=\"aboutus2\" src=\"https:\/\/www.primesolutions-group.com\/wp-content\/uploads\/2024\/12\/aboutus2.jpg\" alt class=\"img-responsive wp-image-66\" srcset=\"https:\/\/www.primesolutions-group.com\/wp-content\/uploads\/2024\/12\/aboutus2-200x256.jpg 200w, https:\/\/www.primesolutions-group.com\/wp-content\/uploads\/2024\/12\/aboutus2-400x512.jpg 400w, https:\/\/www.primesolutions-group.com\/wp-content\/uploads\/2024\/12\/aboutus2-600x768.jpg 600w, https:\/\/www.primesolutions-group.com\/wp-content\/uploads\/2024\/12\/aboutus2-800x1024.jpg 800w, https:\/\/www.primesolutions-group.com\/wp-content\/uploads\/2024\/12\/aboutus2.jpg 1094w\" sizes=\"(max-width: 640px) 100vw, 600px\" \/><\/span><\/div><\/div><\/div><\/div><\/div><\/p>\n","protected":false},"excerpt":{"rendered":"","protected":false},"author":1,"featured_media":0,"parent":0,"menu_order":0,"comment_status":"closed","ping_status":"closed","template":"100-width.php","meta":{"footnotes":""},"class_list":["post-54","page","type-page","status-publish","hentry"],"_links":{"self":[{"href":"https:\/\/www.primesolutions-group.com\/index.php\/wp-json\/wp\/v2\/pages\/54","targetHints":{"allow":["GET"]}}],"collection":[{"href":"https:\/\/www.primesolutions-group.com\/index.php\/wp-json\/wp\/v2\/pages"}],"about":[{"href":"https:\/\/www.primesolutions-group.com\/index.php\/wp-json\/wp\/v2\/types\/page"}],"author":[{"embeddable":true,"href":"https:\/\/www.primesolutions-group.com\/index.php\/wp-json\/wp\/v2\/users\/1"}],"replies":[{"embeddable":true,"href":"https:\/\/www.primesolutions-group.com\/index.php\/wp-json\/wp\/v2\/comments?post=54"}],"version-history":[{"count":13,"href":"https:\/\/www.primesolutions-group.com\/index.php\/wp-json\/wp\/v2\/pages\/54\/revisions"}],"predecessor-version":[{"id":151,"href":"https:\/\/www.primesolutions-group.com\/index.php\/wp-json\/wp\/v2\/pages\/54\/revisions\/151"}],"wp:attachment":[{"href":"https:\/\/www.primesolutions-group.com\/index.php\/wp-json\/wp\/v2\/media?parent=54"}],"curies":[{"name":"wp","href":"https:\/\/api.w.org\/{rel}","templated":true}]}}